{"id":3382,"date":"2021-05-20T09:03:25","date_gmt":"2021-05-20T09:03:25","guid":{"rendered":"https:\/\/bildwpaquabokalocal.local\/?page_id=3382\/"},"modified":"2021-05-20T09:03:25","modified_gmt":"2021-05-20T09:03:25","slug":"history","status":"publish","type":"page","link":"https:\/\/aquariumboka.ucg.ac.me\/en\/history\/","title":{"rendered":"History"},"content":{"rendered":"<section class=\"wpb-content-wrapper\"><p>[vc_row][vc_column][vc_empty_space hide_on_mobile=&#8221;&#8221;][\/vc_column][\/vc_row][vc_row][vc_column][vc_column_text]<\/p>\n<h4>Background<\/h4>\n<p>The Institute of Marine Biology in Kotor (IMB) is the only institution in the southern Adriatic involved in the study, protection, and conservation of marine biodiversity and water catchment areas. Thirty years ago, a specialized laboratory was formed, with infrastructure for growing and studying the biology and ecology of marine and freshwater organisms (aquariums, circular pools, cold rooms, etc.). However, this part of the IMB is no longer functional and without reconstruction, its further use for research and public purposes is not possible.<\/p>\n<p>The IMB is granted with EUR 0,62 million by the Norwegian Ministry of Foreign Affairs to implement a project \u201c<a href=\"https:\/\/aquariumboka.ucg.ac.me\/en\/about-project\/\">Marine Biodiversity Conservation Center Boka Aquarium \u2013 MonteAqua<\/a>&#8220;. The project is under implementation between December 4, 2017, and June 1, 2020. The planned project&#8217;s effect on society is enhanced Montenegrin EU integration process in the area of nature protection relevant to water ecosystems and sustainable management of protected water ecosystems. One of the main activities of the MonteAqua project is building reconstruction of the ground floor of the IMB, of about 300 sqm. It is creating infrastructural pre-conditions to host the Center for Marine Biodiversity Conservation with Aquarium Boka and Kotor Adriatic Rescue Center for marine wildlife. Funds are also allocated for purchasing the equipment for the aquarium.<\/p>\n<p>Click on the button to download MonteAqua leaflet.<\/p>\n<p>[\/vc_column_text][vc_empty_space hide_on_mobile=&#8221;&#8221;]<div class=\"sc_item_button sc_button_wrap\"><a href=\"http:\/\/aquariumboka.ucg.ac.me\/wp-content\/uploads\/2020\/04\/MonteAqua-Leaflet-2017.pdf\" id=\"sc_button_1377816298\" class=\"sc_button sc_button_default sc_button_size_normal sc_button_icon_left\"><span class=\"sc_button_icon\"><img src=\"https:\/\/aquariumboka.ucg.ac.me\/wp-content\/uploads\/2020\/05\/pdf-icon-transparent.jpg\" alt=\"\" width=\"840\" height=\"859\"><\/span><span class=\"sc_button_text\"><span class=\"sc_button_subtitle\">227 KB<\/span><span class=\"sc_button_title\">MonteAqua leaflet<\/span><\/span><!-- \/.sc_button_text --><\/a><!-- \/.sc_button --><\/div><!-- \/.sc_item_button -->[vc_empty_space hide_on_mobile=&#8221;&#8221;][vc_column_text]In April 2019, the Ministry of Agriculture and Rural Development of Montenegro, through the World Bank loan for implementation the Second Institutional Development and Agriculture Strengthening Project (<a href=\"https:\/\/www.midas.co.me\">MIDAS 2<\/a>), allocated 360,000 EUR for the Procurement of Equipment for aquarium for the Institute of Marine Biology.[\/vc_column_text][\/vc_column][\/vc_row][vc_row][vc_column][vc_empty_space hide_on_mobile=&#8221;&#8221;][\/vc_column][\/vc_row][vc_row][vc_column][vc_column_text]<\/p>\n<h4>Business details<\/h4>\n<p>Note: This section is based on the paper presented on the International Conference Adriatic Biodiversity Protection \u2013 AdriBioPro2019: Vladica Simi\u0107, Igor Mirovi\u0107, Radoje Lau\u0161evi\u0107 (2019): Aquarium Boka concept design. International Conference Adriatic Biodiversity Protection \u2013 AdriBioPro2019, 7-10 April 2019, Kotor, Montenegro, Book of Abstracts: 85. Institute of Marine Biology, University of Montenegro. 126 pp. Download paper (Center for Adriatic Biodiversity Conservation.pdf)<\/p>\n<p>The Marine Biodiversity Conservation Center \u201cAquarium Boka\u201d with two units: public Aquarium and Rescue Centre for Water Wild Flora and Fauna, is a unique institution in Montenegro that integrates research and education for promoting and practicing effective conservation on behalf of the sea\u2019s wildlife. Aquarium builds public awareness and action for protecting Adriatic Sea species and habitats, but also actively contributes to various conservation solutions and serve as role models. The establishing of the Center is especially important from the aspect of opening the possibilities for closer cooperation between science and business entities, particularly those engaged in fishing, as well as aquaculture, production of fish, and seafood products. Rescue Center develops capacities in Montenegro for rescuing endangered sea species. The Center as a whole strengthens the position of Montenegro in terms of regional and international scientific cooperation in the field of conservation of biological resources of aquatic ecosystems. And most importantly, Aquarium moves people to act on behalf of the marine species we seek to protect.[\/vc_column_text][\/vc_column][\/vc_row][vc_row][vc_column][vc_empty_space hide_on_mobile=&#8221;&#8221;][\/vc_column][\/vc_row][vc_row][vc_column]<div class=\"sc_item_button sc_button_wrap\"><a href=\"http:\/\/aquariumboka.ucg.ac.me\/wp-content\/uploads\/2020\/04\/Aquarium-Boka-Info-2020.pdf\" id=\"sc_button_107429542\" class=\"sc_button sc_button_default sc_button_size_normal sc_button_icon_left\"><span class=\"sc_button_icon\"><img src=\"https:\/\/aquariumboka.ucg.ac.me\/wp-content\/uploads\/2020\/05\/pdf-icon-transparent.jpg\" alt=\"\" width=\"840\" height=\"859\"><\/span><span class=\"sc_button_text\"><span class=\"sc_button_subtitle\">4 MB<\/span><span class=\"sc_button_title\">Aquarium Boka booklet<\/span><\/span><!-- \/.sc_button_text --><\/a><!-- \/.sc_button --><\/div><!-- \/.sc_item_button -->[vc_empty_space][\/vc_column][vc_column]<div class=\"sc_item_button sc_button_wrap\"><a href=\"http:\/\/aquariumboka.ucg.ac.me\/wp-content\/uploads\/2018\/04\/Akvarijum-Boka-idejni-koncept.pdf\" id=\"sc_button_684429525\" class=\"sc_button sc_button_default sc_button_size_normal sc_button_icon_left\"><span class=\"sc_button_icon\"><img src=\"https:\/\/aquariumboka.ucg.ac.me\/wp-content\/uploads\/2020\/05\/pdf-icon-transparent.jpg\" alt=\"\" width=\"840\" height=\"859\"><\/span><span class=\"sc_button_text\"><span class=\"sc_button_subtitle\">2 MB<\/span><span class=\"sc_button_title\">Concept design (in Serbian only!)<\/span><\/span><!-- \/.sc_button_text --><\/a><!-- \/.sc_button --><\/div><!-- \/.sc_item_button -->[vc_empty_space][\/vc_column][vc_column]<div class=\"sc_item_button sc_button_wrap\"><a href=\"http:\/\/aquariumboka.ucg.ac.me\/wp-content\/uploads\/2020\/04\/Aquarium-Boka-concept-design.pdf\" id=\"sc_button_1534146469\" class=\"sc_button sc_button_default sc_button_size_normal sc_button_icon_left\"><span class=\"sc_button_icon\"><img src=\"https:\/\/aquariumboka.ucg.ac.me\/wp-content\/uploads\/2020\/05\/pdf-icon-transparent.jpg\" alt=\"\" width=\"840\" height=\"859\"><\/span><span class=\"sc_button_text\"><span class=\"sc_button_subtitle\">807 KB<\/span><span class=\"sc_button_title\">Paper: Aquarium Boka concept design<\/span><\/span><!-- \/.sc_button_text --><\/a><!-- \/.sc_button --><\/div><!-- \/.sc_item_button -->[\/vc_column][\/vc_row][vc_row][vc_column][vc_empty_space hide_on_mobile=&#8221;&#8221;][\/vc_column][\/vc_row][vc_row][vc_column][vc_column_text]<\/p>\n<h4>Setting up Aquarium Boka<\/h4>\n<p>Setting up the Aquarium Boka required two main Inputs:<\/p>\n<ul>\n<li>Adaptation of the ground floor of the Institute for Marine Biology (reconstruction and restoring the Aquarium)<\/li>\n<li>Installing a set of aquaria<\/li>\n<\/ul>\n<figure id=\"attachment_2451\" aria-describedby=\"caption-attachment-2451\" style=\"width: 1024px\" class=\"wp-caption alignnone\"><img decoding=\"async\" loading=\"lazy\" class=\"wp-image-2451 size-large\" src=\"http:\/\/aquariumboka.ucg.ac.me\/wp-content\/uploads\/2020\/04\/AB-Initial-adaptation-1024x768.png\" alt=\"Aquarium Boka adaptation\" width=\"1024\" height=\"768\" srcset=\"https:\/\/aquariumboka.ucg.ac.me\/wp-content\/uploads\/2020\/04\/AB-Initial-adaptation.png 1024w, https:\/\/aquariumboka.ucg.ac.me\/wp-content\/uploads\/2020\/04\/AB-Initial-adaptation-300x225.png 300w, https:\/\/aquariumboka.ucg.ac.me\/wp-content\/uploads\/2020\/04\/AB-Initial-adaptation-768x576.png 768w, https:\/\/aquariumboka.ucg.ac.me\/wp-content\/uploads\/2020\/04\/AB-Initial-adaptation-370x278.png 370w, https:\/\/aquariumboka.ucg.ac.me\/wp-content\/uploads\/2020\/04\/AB-Initial-adaptation-760x570.png 760w\" sizes=\"(max-width: 1024px) 100vw, 1024px\" \/><figcaption id=\"caption-attachment-2451\" class=\"wp-caption-text\">Adaptation of the Aquarium Boka, January 2019. Photo: R. Lau\u0161evi\u0107<\/figcaption><\/figure>\n<p>An executive project for the adaptation of the ground floor is developed by architectural studio <a href=\"http:\/\/www.enforma.me\/\">Enforma<\/a> from Kotor, Montenegro. Reconstruction works were done by the company <a href=\"https:\/\/www.ldgradnja.me\/en\/\">LD Gradnja<\/a> from Nik\u0161i\u0107, Montenegro. Specialized Italian company <a href=\"https:\/\/www.panaque.com\/\">Panaque <\/a>is delivering and assembling the aquarium tanks with all associated equipment.<\/p>\n<p>Click on the button to download the architectural concept design developed by Enforma (available only in Montenegrin: Idejno rje\u0161enje. Enforma doo Stari Grad bb, Kotor. 2018. 71 str.)[\/vc_column_text][vc_empty_space hide_on_mobile=&#8221;&#8221;]<div class=\"sc_item_button sc_button_wrap\"><a href=\"http:\/\/aquariumboka.ucg.ac.me\/wp-content\/uploads\/2018\/04\/Akvarijum-Boka-Idejno-resenje.pdf\" id=\"sc_button_740961473\" class=\"sc_button sc_button_default sc_button_size_normal sc_button_icon_left\"><span class=\"sc_button_icon\"><img src=\"https:\/\/aquariumboka.ucg.ac.me\/wp-content\/uploads\/2020\/05\/pdf-icon-transparent.jpg\" alt=\"\" width=\"840\" height=\"859\"><\/span><span class=\"sc_button_text\"><span class=\"sc_button_subtitle\">32 MB<\/span><span class=\"sc_button_title\">Architectural concept design (In Montenegrin only!)<\/span><\/span><!-- \/.sc_button_text --><\/a><!-- \/.sc_button --><\/div><!-- \/.sc_item_button -->[\/vc_column][\/vc_row][vc_row][vc_column][vc_empty_space hide_on_mobile=&#8221;&#8221;][\/vc_column][\/vc_row][vc_row][vc_column][vc_column_text]<\/p>\n<h4>Aquarium Boka concept design<\/h4>\n<p>Note: this section is based on the paper presented on the International Conference Adriatic Biodiversity Protection \u2013 AdriBioPro2019: Radoje Lau\u0161evi\u0107, Mirko \u0110urovi\u0107 (2019): Center for Adriatic Biodiversity Conservation. International Conference Adriatic Biodiversity Protection \u2013 AdriBioPro2019, 7-10 April 2019, Kotor, Montenegro, Book of Abstracts: 86. Institute of Marine Biology, University of Montenegro. 126 pp. Download paper\u00a0<a href=\"http:\/\/aquariumboka.ucg.ac.me\/wp-content\/uploads\/2020\/04\/Center-for-Adriatic-Biodiversity-Conservation.pdf\">Center for Adriatic Biodiversity Conservation<\/a>\u00a0(807 kb)<\/p>\n<p>The concept design of Aquarium Boka is developed as the main input for setting up Marine Biodiversity Conservation Center \u201cAquarium Boka\u201d. It envisages 16 tanks, each with a particular theme: (1) Mediterranean rare fish; (2) Flagship species; (3) Invasive species (Splash tank); (4) Allochthonous algae and invertebrates; (5) Shallow littoral; (6) Mid littoral; (7) Deep littoral; (8-9) Endangered species; (10) Mediterranean moray; (11) Sharks and raja; (12) Boka Kotorska Bay (Touch tank); (13) &#8220;Vrulja&#8221; (underwater spring); (14) Tropical corals; (15-16) Invasive species and tropical fish.<\/p>\n<figure id=\"attachment_2421\" aria-describedby=\"caption-attachment-2421\" style=\"width: 1024px\" class=\"wp-caption alignnone\"><img decoding=\"async\" loading=\"lazy\" class=\"wp-image-2421 size-large\" src=\"http:\/\/aquariumboka.ucg.ac.me\/wp-content\/uploads\/2020\/04\/Boka-Aquarium-layout-crop-1024x580.png\" alt=\"layout\" width=\"1024\" height=\"580\" srcset=\"https:\/\/aquariumboka.ucg.ac.me\/wp-content\/uploads\/2020\/04\/Boka-Aquarium-layout-crop-1024x580.png 1024w, https:\/\/aquariumboka.ucg.ac.me\/wp-content\/uploads\/2020\/04\/Boka-Aquarium-layout-crop-300x170.png 300w, https:\/\/aquariumboka.ucg.ac.me\/wp-content\/uploads\/2020\/04\/Boka-Aquarium-layout-crop-768x435.png 768w, https:\/\/aquariumboka.ucg.ac.me\/wp-content\/uploads\/2020\/04\/Boka-Aquarium-layout-crop-370x210.png 370w, https:\/\/aquariumboka.ucg.ac.me\/wp-content\/uploads\/2020\/04\/Boka-Aquarium-layout-crop-760x430.png 760w, https:\/\/aquariumboka.ucg.ac.me\/wp-content\/uploads\/2020\/04\/Boka-Aquarium-layout-crop-270x152.png 270w\" sizes=\"(max-width: 1024px) 100vw, 1024px\" \/><figcaption id=\"caption-attachment-2421\" class=\"wp-caption-text\">Boka Aquarium layout (Enforma d.o.o.)<\/figcaption><\/figure>\n<p>Theme tanks are grouped into four sections:<\/p>\n<p>(1) Entrance section \u2013 exhibiting the World Sea and Mediterranean Sealife (tanks 1-4),<\/p>\n<figure id=\"attachment_2422\" aria-describedby=\"caption-attachment-2422\" style=\"width: 1024px\" class=\"wp-caption alignnone\"><img decoding=\"async\" loading=\"lazy\" class=\"wp-image-2422 size-large\" src=\"http:\/\/aquariumboka.ucg.ac.me\/wp-content\/uploads\/2020\/04\/Render-4-1024x576.jpg\" alt=\"\" width=\"1024\" height=\"576\" srcset=\"https:\/\/aquariumboka.ucg.ac.me\/wp-content\/uploads\/2020\/04\/Render-4-1024x576.jpg 1024w, https:\/\/aquariumboka.ucg.ac.me\/wp-content\/uploads\/2020\/04\/Render-4-300x169.jpg 300w, https:\/\/aquariumboka.ucg.ac.me\/wp-content\/uploads\/2020\/04\/Render-4-768x432.jpg 768w, https:\/\/aquariumboka.ucg.ac.me\/wp-content\/uploads\/2020\/04\/Render-4-370x208.jpg 370w, https:\/\/aquariumboka.ucg.ac.me\/wp-content\/uploads\/2020\/04\/Render-4-1170x658.jpg 1170w, https:\/\/aquariumboka.ucg.ac.me\/wp-content\/uploads\/2020\/04\/Render-4-760x428.jpg 760w, https:\/\/aquariumboka.ucg.ac.me\/wp-content\/uploads\/2020\/04\/Render-4-270x152.jpg 270w\" sizes=\"(max-width: 1024px) 100vw, 1024px\" \/><figcaption id=\"caption-attachment-2422\" class=\"wp-caption-text\">The entrance section of the Aquarium Boka<\/figcaption><\/figure>\n<figure id=\"attachment_2426\" aria-describedby=\"caption-attachment-2426\" style=\"width: 1024px\" class=\"wp-caption alignnone\"><img decoding=\"async\" loading=\"lazy\" class=\"wp-image-2426 size-large\" src=\"http:\/\/aquariumboka.ucg.ac.me\/wp-content\/uploads\/2020\/04\/Render-2-1024x576.jpg\" alt=\"The entrance section\" width=\"1024\" height=\"576\" srcset=\"https:\/\/aquariumboka.ucg.ac.me\/wp-content\/uploads\/2020\/04\/Render-2-1024x576.jpg 1024w, https:\/\/aquariumboka.ucg.ac.me\/wp-content\/uploads\/2020\/04\/Render-2-300x169.jpg 300w, https:\/\/aquariumboka.ucg.ac.me\/wp-content\/uploads\/2020\/04\/Render-2-768x432.jpg 768w, https:\/\/aquariumboka.ucg.ac.me\/wp-content\/uploads\/2020\/04\/Render-2-370x208.jpg 370w, https:\/\/aquariumboka.ucg.ac.me\/wp-content\/uploads\/2020\/04\/Render-2-1170x658.jpg 1170w, https:\/\/aquariumboka.ucg.ac.me\/wp-content\/uploads\/2020\/04\/Render-2-760x428.jpg 760w, https:\/\/aquariumboka.ucg.ac.me\/wp-content\/uploads\/2020\/04\/Render-2-270x152.jpg 270w\" sizes=\"(max-width: 1024px) 100vw, 1024px\" \/><figcaption id=\"caption-attachment-2426\" class=\"wp-caption-text\">The entrance section and passage to the Central section<\/figcaption><\/figure>\n<p>(2) Central section \u2013 exhibiting the Adriatic Sea biodiversity (tanks 5-11),<\/p>\n<figure id=\"attachment_2425\" aria-describedby=\"caption-attachment-2425\" style=\"width: 1024px\" class=\"wp-caption alignnone\"><img decoding=\"async\" loading=\"lazy\" class=\"wp-image-2425 size-large\" src=\"http:\/\/aquariumboka.ucg.ac.me\/wp-content\/uploads\/2020\/04\/Render-1-1024x576.jpg\" alt=\"Central section\" width=\"1024\" height=\"576\" srcset=\"https:\/\/aquariumboka.ucg.ac.me\/wp-content\/uploads\/2020\/04\/Render-1-1024x576.jpg 1024w, https:\/\/aquariumboka.ucg.ac.me\/wp-content\/uploads\/2020\/04\/Render-1-300x169.jpg 300w, https:\/\/aquariumboka.ucg.ac.me\/wp-content\/uploads\/2020\/04\/Render-1-768x432.jpg 768w, https:\/\/aquariumboka.ucg.ac.me\/wp-content\/uploads\/2020\/04\/Render-1-370x208.jpg 370w, https:\/\/aquariumboka.ucg.ac.me\/wp-content\/uploads\/2020\/04\/Render-1-1170x658.jpg 1170w, https:\/\/aquariumboka.ucg.ac.me\/wp-content\/uploads\/2020\/04\/Render-1-760x428.jpg 760w, https:\/\/aquariumboka.ucg.ac.me\/wp-content\/uploads\/2020\/04\/Render-1-270x152.jpg 270w\" sizes=\"(max-width: 1024px) 100vw, 1024px\" \/><figcaption id=\"caption-attachment-2425\" class=\"wp-caption-text\">The Central section<\/figcaption><\/figure>\n<figure id=\"attachment_2423\" aria-describedby=\"caption-attachment-2423\" style=\"width: 1024px\" class=\"wp-caption alignnone\"><img decoding=\"async\" loading=\"lazy\" class=\"wp-image-2423 size-large\" src=\"http:\/\/aquariumboka.ucg.ac.me\/wp-content\/uploads\/2020\/04\/Render-5-1024x576.jpg\" alt=\"Central section\" width=\"1024\" height=\"576\" srcset=\"https:\/\/aquariumboka.ucg.ac.me\/wp-content\/uploads\/2020\/04\/Render-5-1024x576.jpg 1024w, https:\/\/aquariumboka.ucg.ac.me\/wp-content\/uploads\/2020\/04\/Render-5-300x169.jpg 300w, https:\/\/aquariumboka.ucg.ac.me\/wp-content\/uploads\/2020\/04\/Render-5-768x432.jpg 768w, https:\/\/aquariumboka.ucg.ac.me\/wp-content\/uploads\/2020\/04\/Render-5-370x208.jpg 370w, https:\/\/aquariumboka.ucg.ac.me\/wp-content\/uploads\/2020\/04\/Render-5-1170x658.jpg 1170w, https:\/\/aquariumboka.ucg.ac.me\/wp-content\/uploads\/2020\/04\/Render-5-760x428.jpg 760w, https:\/\/aquariumboka.ucg.ac.me\/wp-content\/uploads\/2020\/04\/Render-5-270x152.jpg 270w\" sizes=\"(max-width: 1024px) 100vw, 1024px\" \/><figcaption id=\"caption-attachment-2423\" class=\"wp-caption-text\">The Central section<\/figcaption><\/figure>\n<figure id=\"attachment_2424\" aria-describedby=\"caption-attachment-2424\" style=\"width: 1024px\" class=\"wp-caption alignnone\"><img decoding=\"async\" loading=\"lazy\" class=\"wp-image-2424 size-large\" src=\"http:\/\/aquariumboka.ucg.ac.me\/wp-content\/uploads\/2020\/04\/Render-6-1024x576.jpg\" alt=\"Large tank\" width=\"1024\" height=\"576\" srcset=\"https:\/\/aquariumboka.ucg.ac.me\/wp-content\/uploads\/2020\/04\/Render-6-1024x576.jpg 1024w, https:\/\/aquariumboka.ucg.ac.me\/wp-content\/uploads\/2020\/04\/Render-6-300x169.jpg 300w, https:\/\/aquariumboka.ucg.ac.me\/wp-content\/uploads\/2020\/04\/Render-6-768x432.jpg 768w, https:\/\/aquariumboka.ucg.ac.me\/wp-content\/uploads\/2020\/04\/Render-6-370x208.jpg 370w, https:\/\/aquariumboka.ucg.ac.me\/wp-content\/uploads\/2020\/04\/Render-6-1170x658.jpg 1170w, https:\/\/aquariumboka.ucg.ac.me\/wp-content\/uploads\/2020\/04\/Render-6-760x428.jpg 760w, https:\/\/aquariumboka.ucg.ac.me\/wp-content\/uploads\/2020\/04\/Render-6-270x152.jpg 270w\" sizes=\"(max-width: 1024px) 100vw, 1024px\" \/><figcaption id=\"caption-attachment-2424\" class=\"wp-caption-text\">The large tank in the Central section<\/figcaption><\/figure>\n<p>(3) Special section \u2013 exhibiting the Boka Kotorska Bay sea-life (tanks 12-13)<\/p>\n<figure id=\"attachment_2427\" aria-describedby=\"caption-attachment-2427\" style=\"width: 1024px\" class=\"wp-caption alignnone\"><img decoding=\"async\" loading=\"lazy\" class=\"wp-image-2427 size-large\" src=\"http:\/\/aquariumboka.ucg.ac.me\/wp-content\/uploads\/2020\/04\/Render-3-1024x576.jpg\" alt=\"Special section\" width=\"1024\" height=\"576\" srcset=\"https:\/\/aquariumboka.ucg.ac.me\/wp-content\/uploads\/2020\/04\/Render-3-1024x576.jpg 1024w, https:\/\/aquariumboka.ucg.ac.me\/wp-content\/uploads\/2020\/04\/Render-3-300x169.jpg 300w, https:\/\/aquariumboka.ucg.ac.me\/wp-content\/uploads\/2020\/04\/Render-3-768x432.jpg 768w, https:\/\/aquariumboka.ucg.ac.me\/wp-content\/uploads\/2020\/04\/Render-3-370x208.jpg 370w, https:\/\/aquariumboka.ucg.ac.me\/wp-content\/uploads\/2020\/04\/Render-3-1170x658.jpg 1170w, https:\/\/aquariumboka.ucg.ac.me\/wp-content\/uploads\/2020\/04\/Render-3-760x428.jpg 760w, https:\/\/aquariumboka.ucg.ac.me\/wp-content\/uploads\/2020\/04\/Render-3-270x152.jpg 270w\" sizes=\"(max-width: 1024px) 100vw, 1024px\" \/><figcaption id=\"caption-attachment-2427\" class=\"wp-caption-text\">The special section &#8211; touch pool<\/figcaption><\/figure>\n<p>(4) Exit section \u2013 exhibiting tropical seas life (tanks 14-16).<\/p>\n<p>All sections are connected by the open space, while exhibit pathway represents interconnection among seas, sea currents, and vertical profile of the sea \u2013 from coastal area to the open sea.<\/p>\n<p>Concept design presents the public aquarium which is opening possibilities for closer cooperation between science and business entities, particularly those engaged in fishing, as well as aquaculture, production of fish and seafood products. Aquarium Boka is designed with the goal to strengthen the position of Montenegro in regional and international scientific cooperation in the conservation of biological marine resources.[\/vc_column_text][\/vc_column][\/vc_row][vc_row][vc_column][vc_empty_space hide_on_mobile=&#8221;&#8221;][\/vc_column][\/vc_row]<\/p>\n<\/section>","protected":false},"excerpt":{"rendered":"<p>[vc_row][vc_column][vc_empty_space hide_on_mobile=&#8221;&#8221;][\/vc_column][\/vc_row][vc_row][vc_column][vc_column_text] Background The Institute of Marine Biology in Kotor (IMB) is the only institution in the southern Adriatic involved in the study, protection, and conservation of marine biodiversity and water catchment areas. Thirty years ago, a specialized laboratory was formed, with infrastructure for growing and studying the biology and ecology of marine and freshwater organisms (aquariums, circular pools, cold&hellip;<\/p>\n","protected":false},"author":1,"featured_media":0,"parent":0,"menu_order":0,"comment_status":"closed","ping_status":"closed","template":"","meta":[],"acf":[],"post_mailing_queue_ids":[],"_links":{"self":[{"href":"https:\/\/aquariumboka.ucg.ac.me\/en\/wp-json\/wp\/v2\/pages\/3382"}],"collection":[{"href":"https:\/\/aquariumboka.ucg.ac.me\/en\/wp-json\/wp\/v2\/pages"}],"about":[{"href":"https:\/\/aquariumboka.ucg.ac.me\/en\/wp-json\/wp\/v2\/types\/page"}],"author":[{"embeddable":true,"href":"https:\/\/aquariumboka.ucg.ac.me\/en\/wp-json\/wp\/v2\/users\/1"}],"replies":[{"embeddable":true,"href":"https:\/\/aquariumboka.ucg.ac.me\/en\/wp-json\/wp\/v2\/comments?post=3382"}],"version-history":[{"count":0,"href":"https:\/\/aquariumboka.ucg.ac.me\/en\/wp-json\/wp\/v2\/pages\/3382\/revisions"}],"wp:attachment":[{"href":"https:\/\/aquariumboka.ucg.ac.me\/en\/wp-json\/wp\/v2\/media?parent=3382"}],"curies":[{"name":"wp","href":"https:\/\/api.w.org\/{rel}","templated":true}]}}