{"id":3735,"date":"2021-05-27T07:34:39","date_gmt":"2021-05-27T07:34:39","guid":{"rendered":"https:\/\/bildwpaquabokalocal.local\/?page_id=3735\/"},"modified":"2021-05-27T07:35:05","modified_gmt":"2021-05-27T07:35:05","slug":"monteaqua-team","status":"publish","type":"page","link":"https:\/\/aquariumboka.ucg.ac.me\/en\/monteaqua-team\/","title":{"rendered":"Project team"},"content":{"rendered":"<section class=\"wpb-content-wrapper\"><p>[vc_row][vc_column][vc_empty_space alter_height=&#8221;medium&#8221; hide_on_mobile=&#8221;&#8221;]<div class=\"sc_team sc_team_full\" data-slides-per-view=\"2\" data-slides-min-width=\"150\"\t\t>\n\t\t<div class=\"sc_team_columns sc_item_columns trx_addons_columns_wrap columns_padding_bottom\"><div class=\"trx_addons_column-1_2\"><div class=\"sc_team_item\">\n\t<div class=\"post_featured with_thumb hover_dots sc_team_item_thumb\"><a href=\"https:\/\/aquariumboka.ucg.ac.me\/en\/team\/branka-pestoric\/\" title=\"Branka Pestori\u0107\"><img width=\"540\" height=\"670\" src=\"https:\/\/aquariumboka.ucg.ac.me\/wp-content\/uploads\/2018\/04\/Branka-Pestoric-540x670.jpg\" class=\"attachment-aquapro-thumb-team size-aquapro-thumb-team wp-post-image\" alt=\"Branka Pestori\u0107\" decoding=\"async\" loading=\"lazy\" srcset=\"https:\/\/aquariumboka.ucg.ac.me\/wp-content\/uploads\/2018\/04\/Branka-Pestoric-540x670.jpg 540w, https:\/\/aquariumboka.ucg.ac.me\/wp-content\/uploads\/2018\/04\/Branka-Pestoric-242x300.jpg 242w, https:\/\/aquariumboka.ucg.ac.me\/wp-content\/uploads\/2018\/04\/Branka-Pestoric-768x954.jpg 768w, https:\/\/aquariumboka.ucg.ac.me\/wp-content\/uploads\/2018\/04\/Branka-Pestoric-825x1024.jpg 825w, https:\/\/aquariumboka.ucg.ac.me\/wp-content\/uploads\/2018\/04\/Branka-Pestoric-370x459.jpg 370w, https:\/\/aquariumboka.ucg.ac.me\/wp-content\/uploads\/2018\/04\/Branka-Pestoric-760x944.jpg 760w, https:\/\/aquariumboka.ucg.ac.me\/wp-content\/uploads\/2018\/04\/Branka-Pestoric-600x745.jpg 600w, https:\/\/aquariumboka.ucg.ac.me\/wp-content\/uploads\/2018\/04\/Branka-Pestoric.jpg 865w\" sizes=\"(max-width: 540px) 100vw, 540px\" \/><\/a><div class=\"mask\"><\/div><a href=\"https:\/\/aquariumboka.ucg.ac.me\/en\/team\/branka-pestoric\/\" aria-hidden=\"true\" class=\"icons\"><span><\/span><span><\/span><span><\/span><\/a><\/div><div class=\"sc_team_item_info\">\n\t\t<div class=\"sc_team_item_header\">\n\t\t\t<h4 class=\"sc_team_item_title\"><a href=\"https:\/\/aquariumboka.ucg.ac.me\/en\/team\/branka-pestoric\/\">Branka Pestori\u0107<\/a><\/h4>\n\t\t\t<div class=\"sc_team_item_subtitle\">Research<br> Associate<\/div>\n\t\t<\/div>\n\t\t<div class=\"sc_team_item_content\"><p>Branka Pestori\u0107 graduated at the Faculty of Natural Sciences of the University of Montenegro in 2008. She obtained the title of Doctor of Ecological Sciences at the Faculty of Biology, University of Belgrade in 2013 with doctoral thesis titled &#8220;Zooplankton community in Boka Kotorska Bay&#8221;. Since 2008, she has been working at the Institute of Marine Biology, University of Montenegro&hellip;<\/p>\n<\/div>\n\t\t<div class=\"sc_team_item_socials\"><span class=\"social_item\"><a href=\"#\" target=\"_blank\" class=\"social_icons social_twitter\"><span class=\"trx_addons_icon-twitter\"><\/span><\/a><\/span><span class=\"social_item\"><a href=\"#\" target=\"_blank\" class=\"social_icons social_facebook\"><span class=\"trx_addons_icon-facebook\"><\/span><\/a><\/span><span class=\"social_item\"><a href=\"#\" target=\"_blank\" class=\"social_icons social_google\"><span class=\"trx_addons_icon-google\"><\/span><\/a><\/span><\/div>\t<\/div>\n<\/div>\n<\/div><div class=\"trx_addons_column-1_2\"><div class=\"sc_team_item\">\n\t<div class=\"post_featured with_thumb hover_dots sc_team_item_thumb\"><a href=\"https:\/\/aquariumboka.ucg.ac.me\/en\/team\/ines-peras\/\" title=\"Ines&lt;br&gt; Pera\u0161\"><img width=\"397\" height=\"492\" src=\"https:\/\/aquariumboka.ucg.ac.me\/wp-content\/uploads\/2018\/04\/Ines-Pera\u0161.jpg\" class=\"attachment-aquapro-thumb-team size-aquapro-thumb-team wp-post-image\" alt=\"Ines Pera\u0161\" decoding=\"async\" loading=\"lazy\" srcset=\"https:\/\/aquariumboka.ucg.ac.me\/wp-content\/uploads\/2018\/04\/Ines-Pera\u0161.jpg 397w, https:\/\/aquariumboka.ucg.ac.me\/wp-content\/uploads\/2018\/04\/Ines-Pera\u0161-242x300.jpg 242w, https:\/\/aquariumboka.ucg.ac.me\/wp-content\/uploads\/2018\/04\/Ines-Pera\u0161-370x459.jpg 370w\" sizes=\"(max-width: 397px) 100vw, 397px\" \/><\/a><div class=\"mask\"><\/div><a href=\"https:\/\/aquariumboka.ucg.ac.me\/en\/team\/ines-peras\/\" aria-hidden=\"true\" class=\"icons\"><span><\/span><span><\/span><span><\/span><\/a><\/div><div class=\"sc_team_item_info\">\n\t\t<div class=\"sc_team_item_header\">\n\t\t\t<h4 class=\"sc_team_item_title\"><a href=\"https:\/\/aquariumboka.ucg.ac.me\/en\/team\/ines-peras\/\">Ines<br> Pera\u0161<\/a><\/h4>\n\t\t\t<div class=\"sc_team_item_subtitle\">Local coordinator for Kotor<\/div>\n\t\t<\/div>\n\t\t<div class=\"sc_team_item_content\"><p>She graduated experimental biology and biotechnology at Faculty of Natural Science and Mathematics in Podgorica. She was a trainee at Institute for Marine Biology and afterwards was engaged on different projects in laboratory of developmental researches and mariculture. Currently engaged on project \u2013 Marine Biodiversity Conservation Center \u201cBoka Aquarium\u201d \u2013 MonteAqua, as local coordinator Kotor.<\/p>\n<\/div>\n\t\t<div class=\"sc_team_item_socials\"><span class=\"social_item\"><a href=\"#\" target=\"_blank\" class=\"social_icons social_twitter\"><span class=\"trx_addons_icon-twitter\"><\/span><\/a><\/span><span class=\"social_item\"><a href=\"https:\/\/www.facebook.com\/1528746804\" target=\"_blank\" class=\"social_icons social_facebook\"><span class=\"trx_addons_icon-facebook\"><\/span><\/a><\/span><span class=\"social_item\"><a href=\"#\" target=\"_blank\" class=\"social_icons social_google\"><span class=\"trx_addons_icon-google\"><\/span><\/a><\/span><\/div>\t<\/div>\n<\/div>\n<\/div><div class=\"trx_addons_column-1_2\"><div class=\"sc_team_item\">\n\t<div class=\"post_featured with_thumb hover_dots sc_team_item_thumb\"><a href=\"https:\/\/aquariumboka.ucg.ac.me\/en\/team\/ivana-mladenovic\/\" title=\"Ivana Mladenovi\u0107\"><img width=\"247\" height=\"307\" src=\"https:\/\/aquariumboka.ucg.ac.me\/wp-content\/uploads\/2018\/04\/Ivana-Mladenovi\u0107.jpg\" class=\"attachment-aquapro-thumb-team size-aquapro-thumb-team wp-post-image\" alt=\"Ivana Mladenovi\u0107\" decoding=\"async\" loading=\"lazy\" srcset=\"https:\/\/aquariumboka.ucg.ac.me\/wp-content\/uploads\/2018\/04\/Ivana-Mladenovi\u0107.jpg 247w, https:\/\/aquariumboka.ucg.ac.me\/wp-content\/uploads\/2018\/04\/Ivana-Mladenovi\u0107-241x300.jpg 241w\" sizes=\"(max-width: 247px) 100vw, 247px\" \/><\/a><div class=\"mask\"><\/div><a href=\"https:\/\/aquariumboka.ucg.ac.me\/en\/team\/ivana-mladenovic\/\" aria-hidden=\"true\" class=\"icons\"><span><\/span><span><\/span><span><\/span><\/a><\/div><div class=\"sc_team_item_info\">\n\t\t<div class=\"sc_team_item_header\">\n\t\t\t<h4 class=\"sc_team_item_title\"><a href=\"https:\/\/aquariumboka.ucg.ac.me\/en\/team\/ivana-mladenovic\/\">Ivana Mladenovi\u0107<\/a><\/h4>\n\t\t\t<div class=\"sc_team_item_subtitle\">Local coordinator for Kragujevac<\/div>\n\t\t<\/div>\n\t\t<div class=\"sc_team_item_content\"><p>Student of biology of the Faculty of Natural Sciences, University of Kragujevac. Since 2014 she has been engaged in the Center for fishery and conservation of the biodiversity of freshwater &#8220;Aquarium&#8221; Kragujevac. Member of the non-governmental organization &#8220;Ekomar&#8221;. She participated in several projects in the field of environmental protection within the non-governmental sector.<\/p>\n<\/div>\n\t\t<div class=\"sc_team_item_socials\"><span class=\"social_item\"><a href=\"#\" target=\"_blank\" class=\"social_icons social_twitter\"><span class=\"trx_addons_icon-twitter\"><\/span><\/a><\/span><span class=\"social_item\"><a href=\"https:\/\/www.facebook.com\/art.istical9\" target=\"_blank\" class=\"social_icons social_facebook\"><span class=\"trx_addons_icon-facebook\"><\/span><\/a><\/span><span class=\"social_item\"><a href=\"#\" target=\"_blank\" class=\"social_icons social_google\"><span class=\"trx_addons_icon-google\"><\/span><\/a><\/span><\/div>\t<\/div>\n<\/div>\n<\/div><div class=\"trx_addons_column-1_2\"><div class=\"sc_team_item\">\n\t<div class=\"post_featured with_thumb hover_dots sc_team_item_thumb\"><a href=\"https:\/\/aquariumboka.ucg.ac.me\/en\/team\/mirko-durovic\/\" title=\"Mirko \u0110urovi\u0107\"><img width=\"370\" height=\"460\" src=\"https:\/\/aquariumboka.ucg.ac.me\/wp-content\/uploads\/2018\/04\/Mirko-Djurovic.jpg\" class=\"attachment-aquapro-thumb-team size-aquapro-thumb-team wp-post-image\" alt=\"Mirko \u0110urovi\u0107\" decoding=\"async\" loading=\"lazy\" srcset=\"https:\/\/aquariumboka.ucg.ac.me\/wp-content\/uploads\/2018\/04\/Mirko-Djurovic.jpg 370w, https:\/\/aquariumboka.ucg.ac.me\/wp-content\/uploads\/2018\/04\/Mirko-Djurovic-241x300.jpg 241w\" sizes=\"(max-width: 370px) 100vw, 370px\" \/><\/a><div class=\"mask\"><\/div><a href=\"https:\/\/aquariumboka.ucg.ac.me\/en\/team\/mirko-durovic\/\" aria-hidden=\"true\" class=\"icons\"><span><\/span><span><\/span><span><\/span><\/a><\/div><div class=\"sc_team_item_info\">\n\t\t<div class=\"sc_team_item_header\">\n\t\t\t<h4 class=\"sc_team_item_title\"><a href=\"https:\/\/aquariumboka.ucg.ac.me\/en\/team\/mirko-durovic\/\">Mirko \u0110urovi\u0107<\/a><\/h4>\n\t\t\t<div class=\"sc_team_item_subtitle\">Project<br> Director<\/div>\n\t\t<\/div>\n\t\t<div class=\"sc_team_item_content\"><p>Mirko \u0110urovi\u0107 Dr. Mirko \u0110urovi\u0107 is a Research Associate in the Laboratory of Ichthyology and Marine Fisheries at the Institute of Marine Biology, University of Montenegro in Kotor. He obtained his MSc-equivalent degree at the Department of Biology, Faculty of Natural Sciences and Mathematics, University of Montenegro in Podgorica in 2003. He defended his doctoral thesis titled \u201cEcological studies of&hellip;<\/p>\n<\/div>\n\t\t<div class=\"sc_team_item_socials\"><span class=\"social_item\"><a href=\"#\" target=\"_blank\" class=\"social_icons social_twitter\"><span class=\"trx_addons_icon-twitter\"><\/span><\/a><\/span><span class=\"social_item\"><a href=\"#\" target=\"_blank\" class=\"social_icons social_facebook\"><span class=\"trx_addons_icon-facebook\"><\/span><\/a><\/span><span class=\"social_item\"><a href=\"#\" target=\"_blank\" class=\"social_icons social_google\"><span class=\"trx_addons_icon-google\"><\/span><\/a><\/span><\/div>\t<\/div>\n<\/div>\n<\/div><div class=\"trx_addons_column-1_2\"><div class=\"sc_team_item\">\n\t<div class=\"post_featured with_thumb hover_dots sc_team_item_thumb\"><a href=\"https:\/\/aquariumboka.ucg.ac.me\/en\/team\/radoje-lausevic\/\" title=\"Radoje Lau\u0161evi\u0107\"><img width=\"370\" height=\"460\" src=\"https:\/\/aquariumboka.ucg.ac.me\/wp-content\/uploads\/2018\/04\/preview-1523115115462.jpg\" class=\"attachment-aquapro-thumb-team size-aquapro-thumb-team wp-post-image\" alt=\"Radoje Lau\u0161evi\u0107\" decoding=\"async\" loading=\"lazy\" srcset=\"https:\/\/aquariumboka.ucg.ac.me\/wp-content\/uploads\/2018\/04\/preview-1523115115462.jpg 370w, https:\/\/aquariumboka.ucg.ac.me\/wp-content\/uploads\/2018\/04\/preview-1523115115462-241x300.jpg 241w\" sizes=\"(max-width: 370px) 100vw, 370px\" \/><\/a><div class=\"mask\"><\/div><a href=\"https:\/\/aquariumboka.ucg.ac.me\/en\/team\/radoje-lausevic\/\" aria-hidden=\"true\" class=\"icons\"><span><\/span><span><\/span><span><\/span><\/a><\/div><div class=\"sc_team_item_info\">\n\t\t<div class=\"sc_team_item_header\">\n\t\t\t<h4 class=\"sc_team_item_title\"><a href=\"https:\/\/aquariumboka.ucg.ac.me\/en\/team\/radoje-lausevic\/\">Radoje Lau\u0161evi\u0107<\/a><\/h4>\n\t\t\t<div class=\"sc_team_item_subtitle\">Project<br> manager<\/div>\n\t\t<\/div>\n\t\t<div class=\"sc_team_item_content\"><p>Dr. Radoje Lau\u0161evi\u0107 has diverse work experience, including university lecturing and research, project design, development, implementation, and evaluation in the environmental field. He holds a Ph.D. in hydrobiology from the University of Belgrade, Serbia (1996), where he was teaching in General Hydrobiology as Assistant Professor from 1996 to 2006. He was also involved in research activities in nutrient pollution control,&hellip;<\/p>\n<\/div>\n\t\t<div class=\"sc_team_item_socials\"><span class=\"social_item\"><a href=\"http:\/\/@rlausevic\" target=\"_blank\" class=\"social_icons social_twitter\"><span class=\"trx_addons_icon-twitter\"><\/span><\/a><\/span><span class=\"social_item\"><a href=\"http:\/\/rlausevic\" target=\"_blank\" class=\"social_icons social_skype\"><span class=\"trx_addons_icon-skype\"><\/span><\/a><\/span><span class=\"social_item\"><a href=\"https:\/\/www.linkedin.com\/in\/radoje-lausevic-%208925769\" target=\"_blank\" class=\"social_icons social_linkedin\"><span class=\"trx_addons_icon-linkedin\"><\/span><\/a><\/span><\/div>\t<\/div>\n<\/div>\n<\/div><\/div><\/div><!-- \/.sc_team -->[vc_empty_space alter_height=&#8221;medium&#8221; hide_on_mobile=&#8221;&#8221;][\/vc_column][\/vc_row]<\/p>\n<\/section>","protected":false},"excerpt":{"rendered":"<p>[vc_row][vc_column][vc_empty_space alter_height=&#8221;medium&#8221; hide_on_mobile=&#8221;&#8221;][vc_empty_space alter_height=&#8221;medium&#8221; hide_on_mobile=&#8221;&#8221;][\/vc_column][\/vc_row]<\/p>\n","protected":false},"author":1,"featured_media":0,"parent":0,"menu_order":0,"comment_status":"closed","ping_status":"closed","template":"","meta":[],"acf":[],"post_mailing_queue_ids":[],"_links":{"self":[{"href":"https:\/\/aquariumboka.ucg.ac.me\/en\/wp-json\/wp\/v2\/pages\/3735"}],"collection":[{"href":"https:\/\/aquariumboka.ucg.ac.me\/en\/wp-json\/wp\/v2\/pages"}],"about":[{"href":"https:\/\/aquariumboka.ucg.ac.me\/en\/wp-json\/wp\/v2\/types\/page"}],"author":[{"embeddable":true,"href":"https:\/\/aquariumboka.ucg.ac.me\/en\/wp-json\/wp\/v2\/users\/1"}],"replies":[{"embeddable":true,"href":"https:\/\/aquariumboka.ucg.ac.me\/en\/wp-json\/wp\/v2\/comments?post=3735"}],"version-history":[{"count":0,"href":"https:\/\/aquariumboka.ucg.ac.me\/en\/wp-json\/wp\/v2\/pages\/3735\/revisions"}],"wp:attachment":[{"href":"https:\/\/aquariumboka.ucg.ac.me\/en\/wp-json\/wp\/v2\/media?parent=3735"}],"curies":[{"name":"wp","href":"https:\/\/api.w.org\/{rel}","templated":true}]}}