{"id":4538,"date":"2022-04-06T10:02:56","date_gmt":"2022-04-06T10:02:56","guid":{"rendered":"https:\/\/bildwpaquabokalocal.local\/?page_id=4538\/"},"modified":"2022-04-06T10:02:56","modified_gmt":"2022-04-06T10:02:56","slug":"blue-pass-exchange-e-guide","status":"publish","type":"page","link":"https:\/\/aquariumboka.ucg.ac.me\/en\/blue-pass-exchange-e-guide\/","title":{"rendered":"Blue Pass EXChAngE e-guide"},"content":{"rendered":"<p>New mobile application for Android and iOS platforms &#8211; EXChAngE Blue Pass &#8211; EXChAngE e-guide was launched on 5 April 2022 at the International Economic Fair Mostar 2022. With\u00a0this guide users are discovering a part of the cross-border area Croatia \u2013 Bosnia and Herzegovina \u2013 Montenegro, including the city of Kotor and Aquarium Boka.<\/p>\n<p><img decoding=\"async\" loading=\"lazy\" class=\"alignnone size-full wp-image-4533\" src=\"http:\/\/aquariumboka.ucg.ac.me\/wp-content\/uploads\/2022\/04\/Samardzic-Ristic.jpg\" alt=\"\" width=\"800\" height=\"1505\" srcset=\"https:\/\/aquariumboka.ucg.ac.me\/wp-content\/uploads\/2022\/04\/Samardzic-Ristic.jpg 800w, https:\/\/aquariumboka.ucg.ac.me\/wp-content\/uploads\/2022\/04\/Samardzic-Ristic-159x300.jpg 159w, https:\/\/aquariumboka.ucg.ac.me\/wp-content\/uploads\/2022\/04\/Samardzic-Ristic-768x1445.jpg 768w, https:\/\/aquariumboka.ucg.ac.me\/wp-content\/uploads\/2022\/04\/Samardzic-Ristic-544x1024.jpg 544w, https:\/\/aquariumboka.ucg.ac.me\/wp-content\/uploads\/2022\/04\/Samardzic-Ristic-370x696.jpg 370w, https:\/\/aquariumboka.ucg.ac.me\/wp-content\/uploads\/2022\/04\/Samardzic-Ristic-760x1430.jpg 760w\" sizes=\"(max-width: 800px) 100vw, 800px\" \/><\/p>\n<p>Photo: Dragana Samard\u017ei\u0107 and Jovan Risti\u0107<\/p>\n<p>On this e-guide, Mr. Jovan Risti\u0107, director of the Tourist Organization of Kotor, said: \u201cIt enables exploring the cultural and natural heritage of the region, in particular cross-border aquatic biodiversity. For easy reading and navigation through the content, the guide is structured in sections \u2013 each dedicated to one thematic route: Dubrovnik and Aquarium (Croatia), Kotor and Aquarium Boka (Montenegro), Mostar Aqua Path, and Nature Park Hutovo Blato Aqua Path (Bosnia and Herzegovina).\u201d<\/p>\n<p><img decoding=\"async\" loading=\"lazy\" class=\"alignnone size-full wp-image-4528\" src=\"http:\/\/aquariumboka.ucg.ac.me\/wp-content\/uploads\/2022\/04\/BP-Home.jpg\" alt=\"\" width=\"1080\" height=\"2400\" srcset=\"https:\/\/aquariumboka.ucg.ac.me\/wp-content\/uploads\/2022\/04\/BP-Home.jpg 1080w, https:\/\/aquariumboka.ucg.ac.me\/wp-content\/uploads\/2022\/04\/BP-Home-135x300.jpg 135w, https:\/\/aquariumboka.ucg.ac.me\/wp-content\/uploads\/2022\/04\/BP-Home-768x1707.jpg 768w, https:\/\/aquariumboka.ucg.ac.me\/wp-content\/uploads\/2022\/04\/BP-Home-461x1024.jpg 461w, https:\/\/aquariumboka.ucg.ac.me\/wp-content\/uploads\/2022\/04\/BP-Home-370x822.jpg 370w, https:\/\/aquariumboka.ucg.ac.me\/wp-content\/uploads\/2022\/04\/BP-Home-760x1689.jpg 760w\" sizes=\"(max-width: 1080px) 100vw, 1080px\" \/><\/p>\n<p>Each section of the EXChAngE Blue Pass e-guide has four chapters, presenting natural heritage, cultural heritage, one thematic route and transportation to the site. Chapters are structured into thematic topics, keeping as similar as possible outline across the guide.<\/p>\n<p>Currently, Blue Pass EXChAngE e-guide is available only in English, for Android mobile devices, on Google Play.<\/p>\n<p><a href=\"https:\/\/play.google.com\/store\/apps\/details?id=com.bildstudio.exchange&amp;hl=en_US&amp;gl=US\"><img decoding=\"async\" loading=\"lazy\" class=\"alignnone size-full wp-image-4530\" src=\"http:\/\/aquariumboka.ucg.ac.me\/wp-content\/uploads\/2022\/04\/google-play-badge.png\" alt=\"\" width=\"646\" height=\"250\" srcset=\"https:\/\/aquariumboka.ucg.ac.me\/wp-content\/uploads\/2022\/04\/google-play-badge.png 646w, https:\/\/aquariumboka.ucg.ac.me\/wp-content\/uploads\/2022\/04\/google-play-badge-300x116.png 300w, https:\/\/aquariumboka.ucg.ac.me\/wp-content\/uploads\/2022\/04\/google-play-badge-370x143.png 370w\" sizes=\"(max-width: 646px) 100vw, 646px\" \/><\/a><\/p>\n<p>Follow us for information on releases of multilingual version and version for iOS mobile devices.<\/p>\n<p>To maximize the usefulness of this guide, all users are recommended to obtain a Blue Pass, a new touristic ticket designed for visitors of the cross-border area Croatia \u2013 Bosnia and Herzegovina &#8211; Montenegro which enables visits at discounted prices of the four thematic routes: Dubrovnik and Aquarium (Croatia), Kotor and Aquarium Boka (Montenegro), Hutovo Blato Aqua Path, and Mostar Aqua Path (Bosnia and Herzegovina). This ticket was also launched on the International Economic Fair Mostar 2022.<\/p>\n<p><img decoding=\"async\" loading=\"lazy\" class=\"alignnone size-full wp-image-4534\" src=\"http:\/\/aquariumboka.ucg.ac.me\/wp-content\/uploads\/2022\/04\/Lausevic-Pestoric-Joksimovic.jpg\" alt=\"\" width=\"1200\" height=\"1782\" srcset=\"https:\/\/aquariumboka.ucg.ac.me\/wp-content\/uploads\/2022\/04\/Lausevic-Pestoric-Joksimovic.jpg 1200w, https:\/\/aquariumboka.ucg.ac.me\/wp-content\/uploads\/2022\/04\/Lausevic-Pestoric-Joksimovic-202x300.jpg 202w, https:\/\/aquariumboka.ucg.ac.me\/wp-content\/uploads\/2022\/04\/Lausevic-Pestoric-Joksimovic-768x1140.jpg 768w, https:\/\/aquariumboka.ucg.ac.me\/wp-content\/uploads\/2022\/04\/Lausevic-Pestoric-Joksimovic-690x1024.jpg 690w, https:\/\/aquariumboka.ucg.ac.me\/wp-content\/uploads\/2022\/04\/Lausevic-Pestoric-Joksimovic-370x549.jpg 370w, https:\/\/aquariumboka.ucg.ac.me\/wp-content\/uploads\/2022\/04\/Lausevic-Pestoric-Joksimovic-760x1129.jpg 760w\" sizes=\"(max-width: 1200px) 100vw, 1200px\" \/><\/p>\n<p>From left: Radoje Lau\u0161evi\u0107, Branka Pestori\u0107, Aleksandar Joksimovi\u0107<\/p>\n<p>On this ticket, Dr. Aleksandar Joksimovi\u0107, director of the Institute of Marine Biology of the University of Montenegro, said: \u201cIt is much more than a discount voucher for four thematic routes in three neighboring countries. It promotes cross-border mobility of tourists end exploring cross-border nature and cultural diversity. Each tourist with the Blue Pass ticket will become a member of the growing community for supporting sustainable use of the cross-border aquatic biodiversity\u201d.<\/p>\n<p><img decoding=\"async\" loading=\"lazy\" class=\"alignnone size-full wp-image-4527\" src=\"http:\/\/aquariumboka.ucg.ac.me\/wp-content\/uploads\/2022\/04\/BluePassTicket.jpg\" alt=\"\" width=\"1200\" height=\"419\" srcset=\"https:\/\/aquariumboka.ucg.ac.me\/wp-content\/uploads\/2022\/04\/BluePassTicket.jpg 1200w, https:\/\/aquariumboka.ucg.ac.me\/wp-content\/uploads\/2022\/04\/BluePassTicket-300x105.jpg 300w, https:\/\/aquariumboka.ucg.ac.me\/wp-content\/uploads\/2022\/04\/BluePassTicket-768x268.jpg 768w, https:\/\/aquariumboka.ucg.ac.me\/wp-content\/uploads\/2022\/04\/BluePassTicket-1024x358.jpg 1024w, https:\/\/aquariumboka.ucg.ac.me\/wp-content\/uploads\/2022\/04\/BluePassTicket-370x129.jpg 370w, https:\/\/aquariumboka.ucg.ac.me\/wp-content\/uploads\/2022\/04\/BluePassTicket-760x265.jpg 760w\" sizes=\"(max-width: 1200px) 100vw, 1200px\" \/><\/p>\n<p>Each Blue Pass ticket has a unique code which entitles the holder to purchase one discounted entry ticket for four thematic routes in the cross-border area.<\/p>\n<p><img decoding=\"async\" loading=\"lazy\" class=\"alignnone size-full wp-image-4529\" src=\"http:\/\/aquariumboka.ucg.ac.me\/wp-content\/uploads\/2022\/04\/EXChAngE-Logo-small.png\" alt=\"\" width=\"1661\" height=\"418\" srcset=\"https:\/\/aquariumboka.ucg.ac.me\/wp-content\/uploads\/2022\/04\/EXChAngE-Logo-small.png 1661w, https:\/\/aquariumboka.ucg.ac.me\/wp-content\/uploads\/2022\/04\/EXChAngE-Logo-small-300x75.png 300w, https:\/\/aquariumboka.ucg.ac.me\/wp-content\/uploads\/2022\/04\/EXChAngE-Logo-small-768x193.png 768w, https:\/\/aquariumboka.ucg.ac.me\/wp-content\/uploads\/2022\/04\/EXChAngE-Logo-small-1024x258.png 1024w, https:\/\/aquariumboka.ucg.ac.me\/wp-content\/uploads\/2022\/04\/EXChAngE-Logo-small-370x93.png 370w, https:\/\/aquariumboka.ucg.ac.me\/wp-content\/uploads\/2022\/04\/EXChAngE-Logo-small-760x191.png 760w\" sizes=\"(max-width: 1661px) 100vw, 1661px\" \/><\/p>\n<p>Both Blue Pass EXChAngE e-guide and Blue Pass ticket are products of the project \u201cExplore Cross-border Aquatic Biodiversity \u2013 EXChAngE\u201d, co-financed by ERDF and IPA II funds of the European Union through the programme Interreg IPA CBC Croatia \u2013 Bosnia and Herzegovina &#8211; Montenegro. EXChAngE project is implemented by five project partners: The University of Dubrovnik \u2013 Institute for Marine and Coastal Research, Tourist Organisation of Kotor, University of Montenegro \u2013 Institute of Marine Biology, Tourist Board of Herzegovina &#8211; Neretva Canton, and Public Company Hutovo Blato Nature Park, \u010capljina. The Blue Pass ticket is available at the selling points of all project partners.<\/p>\n","protected":false},"excerpt":{"rendered":"<p>New mobile application for Android and iOS platforms &#8211; EXChAngE Blue Pass &#8211; EXChAngE e-guide was launched on 5 April 2022 at the International Economic Fair Mostar 2022. With\u00a0this guide users are discovering a part of the cross-border area Croatia \u2013 Bosnia and Herzegovina \u2013 Montenegro, including the city of Kotor and Aquarium Boka. Photo: Dragana Samard\u017ei\u0107 and Jovan Risti\u0107&hellip;<\/p>\n","protected":false},"author":6,"featured_media":4526,"parent":0,"menu_order":0,"comment_status":"closed","ping_status":"closed","template":"","meta":[],"acf":[],"post_mailing_queue_ids":[],"_links":{"self":[{"href":"https:\/\/aquariumboka.ucg.ac.me\/en\/wp-json\/wp\/v2\/pages\/4538"}],"collection":[{"href":"https:\/\/aquariumboka.ucg.ac.me\/en\/wp-json\/wp\/v2\/pages"}],"about":[{"href":"https:\/\/aquariumboka.ucg.ac.me\/en\/wp-json\/wp\/v2\/types\/page"}],"author":[{"embeddable":true,"href":"https:\/\/aquariumboka.ucg.ac.me\/en\/wp-json\/wp\/v2\/users\/6"}],"replies":[{"embeddable":true,"href":"https:\/\/aquariumboka.ucg.ac.me\/en\/wp-json\/wp\/v2\/comments?post=4538"}],"version-history":[{"count":0,"href":"https:\/\/aquariumboka.ucg.ac.me\/en\/wp-json\/wp\/v2\/pages\/4538\/revisions"}],"wp:featuredmedia":[{"embeddable":true,"href":"https:\/\/aquariumboka.ucg.ac.me\/en\/wp-json\/wp\/v2\/media\/4526"}],"wp:attachment":[{"href":"https:\/\/aquariumboka.ucg.ac.me\/en\/wp-json\/wp\/v2\/media?parent=4538"}],"curies":[{"name":"wp","href":"https:\/\/api.w.org\/{rel}","templated":true}]}}